{"id":3011,"date":"2026-02-26T17:12:10","date_gmt":"2026-02-26T20:12:10","guid":{"rendered":"https:\/\/contosdarica.com.br\/?post_type=product&#038;p=3011"},"modified":"2026-03-25T17:21:36","modified_gmt":"2026-03-25T20:21:36","slug":"livro-a-cachoeira","status":"publish","type":"product","link":"https:\/\/contosdarica.com.br\/index.php\/product\/livro-a-cachoeira\/","title":{"rendered":"Livro A Cachoeira (Em produ\u00e7\u00e3o)"},"content":{"rendered":"<p data-start=\"295\" data-end=\"357\">ONDE TUDO COME\u00c7OU<\/p>\n<p data-start=\"295\" data-end=\"357\">\u201cA Cachoeira\u201d nasceu em 1993, quando eu ainda era adolescente.<\/p>\n<p data-start=\"359\" data-end=\"623\">A hist\u00f3ria come\u00e7ou de um jeito simples e muito especial: em noites em que uma grande amiga dormia na minha casa. Antes de dormir, n\u00f3s duas escrev\u00edamos romances em cadernos e, em seguida, l\u00edamos uma para a outra. Era o nosso ritual. Nossa forma de sonhar acordadas.<\/p>\n<p data-start=\"625\" data-end=\"707\">Foi nesse ambiente de amizade, imagina\u00e7\u00e3o e confid\u00eancias que \u201cA Cachoeira\u201d surgiu.<\/p>\n<p data-start=\"709\" data-end=\"981\">Depois dessa primeira hist\u00f3ria, eu escrevi v\u00e1rios outros romances. Minha amiga amava ler cada cap\u00edtulo novo. Eu estudava, tinha uma rotina intensa, responsabilidades comuns da adolesc\u00eancia\u2026 mas, por dentro, minha cabe\u00e7a estava sempre criando personagens, cenas e di\u00e1logos.<\/p>\n<p data-start=\"983\" data-end=\"1006\">Eu sonhava em publicar.<\/p>\n<p data-start=\"1008\" data-end=\"1228\">Pensava nos meus romances com frequ\u00eancia e imaginava como seria v\u00ea-los ganhando o mundo. Mas naquela \u00e9poca eu n\u00e3o tinha recursos, nem direcionamento, nem conhecimento sobre como transformar aquele sonho em algo concreto.<\/p>\n<p data-start=\"1230\" data-end=\"1318\">A vida seguiu. Eu cresci. Mas aquelas hist\u00f3rias nunca deixaram de existir dentro de mim.<\/p>\n<figure id=\"attachment_3016\" aria-describedby=\"caption-attachment-3016\" style=\"width: 242px\" class=\"wp-caption alignnone\"><img loading=\"lazy\" decoding=\"async\" class=\" wp-image-3016\" src=\"https:\/\/contosdarica.com.br\/wp-content\/uploads\/2026\/02\/foto-dani-2-360x567.jpeg\" alt=\"\" width=\"242\" height=\"381\" srcset=\"https:\/\/contosdarica.com.br\/wp-content\/uploads\/2026\/02\/foto-dani-2-360x567.jpeg 360w, https:\/\/contosdarica.com.br\/wp-content\/uploads\/2026\/02\/foto-dani-2-375x590.jpeg 375w, https:\/\/contosdarica.com.br\/wp-content\/uploads\/2026\/02\/foto-dani-2-500x787.jpeg 500w, https:\/\/contosdarica.com.br\/wp-content\/uploads\/2026\/02\/foto-dani-2-102x160.jpeg 102w, https:\/\/contosdarica.com.br\/wp-content\/uploads\/2026\/02\/foto-dani-2-159x250.jpeg 159w, https:\/\/contosdarica.com.br\/wp-content\/uploads\/2026\/02\/foto-dani-2-34x53.jpeg 34w, https:\/\/contosdarica.com.br\/wp-content\/uploads\/2026\/02\/foto-dani-2.jpeg 512w\" sizes=\"auto, (max-width: 242px) 100vw, 242px\" \/><figcaption id=\"caption-attachment-3016\" class=\"wp-caption-text\">Val\u00e9ria Drumond adolescente com sua primeira leitora Dani algu\u00e9m muito especial na sua hist\u00f3ria, nos anos 90, \u00e9poca em que escreveu seus primeiros romances<\/figcaption><\/figure>\n","protected":false},"excerpt":{"rendered":"<p data-start=\"349\" data-end=\"378\"><strong>LAN\u00c7AMENTO EM BREVE\u00a0<\/strong><\/p>\n<p data-start=\"349\" data-end=\"378\">Essa hist\u00f3ria nasceu em 1993.<\/p>\n<p data-start=\"380\" data-end=\"493\">Eu era apenas uma adolescente com um caderno nas m\u00e3os e o cora\u00e7\u00e3o cheio de sentimentos que ainda n\u00e3o sabiam nome.<\/p>\n<p data-start=\"495\" data-end=\"686\">\u201cA Cachoeira\u201d surgiu da minha cabe\u00e7a adolescente, dos meus sonhos, das minhas inquieta\u00e7\u00f5es e da forma intensa com que eu enxergava o amor naquela \u00e9poca. Era simples, era verdadeira, era pura.<\/p>\n<p data-start=\"688\" data-end=\"829\">Escrevi essa hist\u00f3ria movida pela imagina\u00e7\u00e3o, pela amizade, pelos primeiros sentimentos e pela vontade de criar algo que ficasse para sempre.<\/p>\n<p data-start=\"831\" data-end=\"928\">O tempo passou. A vida me levou por outros caminhos.<br data-start=\"883\" data-end=\"886\" \/>Mas essa hist\u00f3ria nunca deixou de existir.<\/p>\n<p data-start=\"930\" data-end=\"1144\">Hoje, anos depois, estou trazendo \u201cA Cachoeira\u201d de volta \u00e0 vida \u2014 com a maturidade de quem cresceu, mas com a mesma ess\u00eancia daquela menina que acreditava no amor, na for\u00e7a dos encontros e na magia dos sentimentos.<\/p>\n","protected":false},"featured_media":3012,"comment_status":"open","ping_status":"closed","template":"","meta":[],"product_brand":[],"product_cat":[112,133],"product_tag":[],"class_list":{"0":"post-3011","1":"product","2":"type-product","3":"status-publish","4":"has-post-thumbnail","6":"product_cat-livros-digitais","7":"product_cat-em-breve","9":"first","10":"instock","11":"taxable","12":"shipping-taxable","13":"product-type-external"},"_links":{"self":[{"href":"https:\/\/contosdarica.com.br\/index.php\/wp-json\/wp\/v2\/product\/3011","targetHints":{"allow":["GET"]}}],"collection":[{"href":"https:\/\/contosdarica.com.br\/index.php\/wp-json\/wp\/v2\/product"}],"about":[{"href":"https:\/\/contosdarica.com.br\/index.php\/wp-json\/wp\/v2\/types\/product"}],"replies":[{"embeddable":true,"href":"https:\/\/contosdarica.com.br\/index.php\/wp-json\/wp\/v2\/comments?post=3011"}],"wp:featuredmedia":[{"embeddable":true,"href":"https:\/\/contosdarica.com.br\/index.php\/wp-json\/wp\/v2\/media\/3012"}],"wp:attachment":[{"href":"https:\/\/contosdarica.com.br\/index.php\/wp-json\/wp\/v2\/media?parent=3011"}],"wp:term":[{"taxonomy":"product_brand","embeddable":true,"href":"https:\/\/contosdarica.com.br\/index.php\/wp-json\/wp\/v2\/product_brand?post=3011"},{"taxonomy":"product_cat","embeddable":true,"href":"https:\/\/contosdarica.com.br\/index.php\/wp-json\/wp\/v2\/product_cat?post=3011"},{"taxonomy":"product_tag","embeddable":true,"href":"https:\/\/contosdarica.com.br\/index.php\/wp-json\/wp\/v2\/product_tag?post=3011"}],"curies":[{"name":"wp","href":"https:\/\/api.w.org\/{rel}","templated":true}]}}